{"id":609,"date":"2021-09-03T10:15:06","date_gmt":"2021-09-03T08:15:06","guid":{"rendered":"https:\/\/polywest.brands-and-friends.de\/?page_id=609"},"modified":"2026-03-09T12:06:16","modified_gmt":"2026-03-09T11:06:16","slug":"sobre-nosotros","status":"publish","type":"page","link":"https:\/\/polywest.de\/es\/companias\/sobre-nosotros\/","title":{"rendered":"Sobre nosotros"},"content":{"rendered":"\n<div class=\"wp-block-group header-container\"><div class=\"wp-block-group__inner-container is-layout-flow wp-block-group-is-layout-flow\">\n<div class=\"wp-block-group block-headline animated jackInTheBox slow delay-200ms\"><div class=\"wp-block-group__inner-container is-layout-flow wp-block-group-is-layout-flow\">\n<h2 class=\"wp-block-heading has-text-align-center header-h2\">Your print \u2013 our mission<\/h2>\n\n\n\n<div class=\"wp-block-buttons is-horizontal is-content-justification-center is-layout-flex wp-container-core-buttons-is-layout-499968f5 wp-block-buttons-is-layout-flex\">\n<div class=\"wp-block-button\"><a class=\"wp-block-button__link wp-element-button\" href=\"https:\/\/polywest.de\/es\/contacto\/\">contacto<span class=\"fa fa-angle-right fa-fw\"><\/span><\/a><\/div>\n<\/div>\n<\/div><\/div>\n\n\n\n<figure class=\"wp-block-image size-large is-style-default header animated flipInX\"><img decoding=\"async\" width=\"1024\" height=\"233\" data-src=\"https:\/\/polywest.de\/wp-content\/uploads\/2021\/08\/ueber-uns-header-1024x233.png\" alt=\"\" class=\"wp-image-172 lazyload\" data-srcset=\"https:\/\/polywest.de\/wp-content\/uploads\/2021\/08\/ueber-uns-header-1024x233.png 1024w, https:\/\/polywest.de\/wp-content\/uploads\/2021\/08\/ueber-uns-header-300x68.png 300w, https:\/\/polywest.de\/wp-content\/uploads\/2021\/08\/ueber-uns-header-768x174.png 768w, https:\/\/polywest.de\/wp-content\/uploads\/2021\/08\/ueber-uns-header-1536x349.png 1536w, https:\/\/polywest.de\/wp-content\/uploads\/2021\/08\/ueber-uns-header.png 1920w\" data-sizes=\"(max-width: 1024px) 100vw, 1024px\" src=\"data:image\/svg+xml;base64,PHN2ZyB3aWR0aD0iMSIgaGVpZ2h0PSIxIiB4bWxucz0iaHR0cDovL3d3dy53My5vcmcvMjAwMC9zdmciPjwvc3ZnPg==\" style=\"--smush-placeholder-width: 1024px; --smush-placeholder-aspect-ratio: 1024\/233;\" \/><\/figure>\n<\/div><\/div>\n\n\n\n<p><\/p>\n\n\n\n<div class=\"wp-block-group fixed-small-size\"><div class=\"wp-block-group__inner-container is-layout-flow wp-block-group-is-layout-flow\">\n<div style=\"height:45px\" aria-hidden=\"true\" class=\"wp-block-spacer abst-header-pos\"><\/div>\n\n\n\n<h1 class=\"wp-block-heading has-text-align-center\">Quienes Somos<\/h1>\n\n\n\n<hr class=\"wp-block-separator has-css-opacity\"\/>\n\n\n\n<p class=\"has-text-align-center\"><strong><strong>Desde hace 35 a\u00f1os, producimos como POLYWEST GmbH &amp; Co. KG en nuestra planta principal de Ahaus. Nuestros productos son mangas y sistemas de adaptadores para la industria de impresi\u00f3n de envases.<\/strong><\/strong><\/p>\n\n\n\n<p class=\"has-text-align-center\">En pocas palabras, fabricamos cuerpos en forma de rodillo de diversos tama\u00f1os y propiedades que se requieren para imprimir materiales de embalaje flexibles como papel de aluminio o papel. Las caracter\u00edsticas, la estructura y el tama\u00f1o de nuestro producto var\u00edan mucho, seg\u00fan se trate del envase de una barra de chocolate, de un televisor de 70 pulgadas o de algo totalmente distinto.<\/p>\n\n\n\n<p class=\"has-text-align-center\">Adem\u00e1s de una variedad de pl\u00e1sticos, trabajamos con los materiales de fibra de vidrio y carbono m\u00e1s avanzados. Actualmente contamos con alrededor de 90 empleados y aprendices en un \u00e1rea de producci\u00f3n de 6.000 m\u00b2 en Ahaus. <\/p>\n\n\n\n<p class=\"has-text-align-center\">Somos uno de los proveedores m\u00e1s grandes del mundo en nuestra industria y estamos representados internacionalmente en m\u00e1s de 100 pa\u00edses por casi 60 socios y distribuidores.<\/p>\n\n\n\n<div style=\"height:26px\" aria-hidden=\"true\" class=\"wp-block-spacer\"><\/div>\n<\/div><\/div>\n\n\n\n<div class=\"wp-block-group video-container\"><div class=\"wp-block-group__inner-container is-layout-flow wp-block-group-is-layout-flow\">\n<div style=\"height:50px\" aria-hidden=\"true\" class=\"wp-block-spacer\"><\/div>\n\n\n\n<figure class=\"wp-block-video\"><video controls src=\"https:\/\/polywest.de\/wp-content\/uploads\/2021\/20211004_9367_polywest_Imagefilm.mp4\"><\/video><\/figure>\n<\/div><\/div>\n\n\n<div class=\"wp-block-image back-img animated slideInUp faster\">\n<figure class=\"aligncenter size-full\"><img decoding=\"async\" width=\"476\" height=\"138\" data-src=\"https:\/\/polywest.de\/wp-content\/uploads\/2021\/08\/red-rechteck.png\" alt=\"\" class=\"wp-image-74 lazyload\" data-srcset=\"https:\/\/polywest.de\/wp-content\/uploads\/2021\/08\/red-rechteck.png 476w, https:\/\/polywest.de\/wp-content\/uploads\/2021\/08\/red-rechteck-300x87.png 300w\" data-sizes=\"(max-width: 476px) 100vw, 476px\" src=\"data:image\/svg+xml;base64,PHN2ZyB3aWR0aD0iMSIgaGVpZ2h0PSIxIiB4bWxucz0iaHR0cDovL3d3dy53My5vcmcvMjAwMC9zdmciPjwvc3ZnPg==\" style=\"--smush-placeholder-width: 476px; --smush-placeholder-aspect-ratio: 476\/138;\" \/><\/figure>\n<\/div>\n\n\n<div style=\"height:60px\" aria-hidden=\"true\" class=\"wp-block-spacer\"><\/div>\n\n\n\n<div class=\"wp-block-group full-size ueber-uns-content\"><div class=\"wp-block-group__inner-container is-layout-flow wp-block-group-is-layout-flow\">\n<div style=\"height:59px\" aria-hidden=\"true\" class=\"wp-block-spacer\"><\/div>\n\n\n\n<div class=\"wp-block-group fixed-size\"><div class=\"wp-block-group__inner-container is-layout-flow wp-block-group-is-layout-flow\">\n<div style=\"height:25px\" aria-hidden=\"true\" class=\"wp-block-spacer\"><\/div>\n\n\n\n<h3 class=\"wp-block-heading has-text-align-center\"><meta charset=\"utf-8\">Nuestros productos<\/h3>\n\n\n\n<hr class=\"wp-block-separator has-css-opacity\"\/>\n\n\n\n<div class=\"wp-block-columns is-layout-flex wp-container-core-columns-is-layout-9d6595d7 wp-block-columns-is-layout-flex\">\n<div class=\"wp-block-column is-layout-flow wp-block-column-is-layout-flow\">\n<p><strong>La empresa POLYWEST ha ido evolucionando en su gama de productos por los \u00faltimos 35 a\u00f1os.<\/strong><\/p>\n\n\n\n<p>Hoy en dia la empresa POLYWEST es un servidor con sus puntos fuertes en forma de impresion, mangas, adaptadores, servicios al cliente y servicios de manga. Con nuestro profundo y amplio conocimiento tecnico somos capaces de alcanzar resultados calficativos para nuestros clientes.<\/p>\n\n\n\n<p><strong>Gracias al Know-how , POLYWEST influye a la evoluci\u00f3n permanente de la nueva Tecnologia de Mangas y adaptadores y es uno de los primero manufacturadores de Mangas Mundialmente reconocido.<\/strong><\/p>\n<\/div>\n\n\n\n<div class=\"wp-block-column is-layout-flow wp-block-column-is-layout-flow\">\n<p>El trabajo mutuo de instituciones renombrables, Instituciones de investigacion y Empresas Industriales tal como la aplicacion de tecnologias de Materia innovativas, garantiza que POLYWEST tambien sera una empresa innovativa a largo plazo con la participaci\u00f3n de industrias subsidiarias enfocadas en el area de impresi\u00f3n con alta calidad de productos.<\/p>\n\n\n\n<p>Nuestro sistema de producci\u00f3n y distribuci\u00f3n aseguran una alta calidad de soporte mundialmente.<\/p>\n\n\n\n<p>Somos proveedores reconocidos dentro y fuera del pais por empresas importantes quienes pueden certificar la calidad de nuestros productos a las cuales nos esforzamos para cumplir con sus necesidades como tambien mantener una credibilidad y servicio A1.sowie Zuverl\u00e4ssigkeit und Service \u00fcberzeugen konnten.<\/p>\n<\/div>\n<\/div>\n\n\n\n<div class=\"wp-block-buttons is-horizontal is-content-justification-center is-layout-flex wp-container-core-buttons-is-layout-499968f5 wp-block-buttons-is-layout-flex\">\n<div class=\"wp-block-button\"><a class=\"wp-block-button__link wp-element-button\" href=\"https:\/\/polywest.de\/es\/productos\/\">Nuestros productos<span class=\"fa fa-angle-right fa-fw\"><\/span><\/a><\/div>\n<\/div>\n\n\n\n<div style=\"height:26px\" aria-hidden=\"true\" class=\"wp-block-spacer\"><\/div>\n<\/div><\/div>\n\n\n<div class=\"wp-block-image\">\n<figure class=\"aligncenter size-full\"><img decoding=\"async\" width=\"453\" height=\"373\" data-src=\"https:\/\/polywest.de\/wp-content\/uploads\/2021\/09\/soft_gross.png\" alt=\"\" class=\"wp-image-1418 lazyload\" data-srcset=\"https:\/\/polywest.de\/wp-content\/uploads\/2021\/09\/soft_gross.png 453w, https:\/\/polywest.de\/wp-content\/uploads\/2021\/09\/soft_gross-300x247.png 300w\" data-sizes=\"(max-width: 453px) 100vw, 453px\" src=\"data:image\/svg+xml;base64,PHN2ZyB3aWR0aD0iMSIgaGVpZ2h0PSIxIiB4bWxucz0iaHR0cDovL3d3dy53My5vcmcvMjAwMC9zdmciPjwvc3ZnPg==\" style=\"--smush-placeholder-width: 453px; --smush-placeholder-aspect-ratio: 453\/373;\" \/><\/figure>\n<\/div><\/div><\/div>\n\n\n\n<div class=\"wp-block-group full-size home-full-size back-ueber-uns-img\"><div class=\"wp-block-group__inner-container is-layout-flow wp-block-group-is-layout-flow\">\n<div style=\"height:73px\" aria-hidden=\"true\" class=\"wp-block-spacer\"><\/div>\n\n\n\n<p class=\"has-text-align-center animated fadeIn\"><span><strong>SOMOS EM IMPULSO<\/strong><\/span><br>PARA EL DESARROLLO PERMANENTE<br>DE TECNOLOG\u00cdA DD MANGUERAS Y ADAPTADORES<br><strong><strong>Y UNO DE LOS PRINCIPES FABRICANTES DE MANGUITOS DEL MUNDO.<\/strong><\/strong><\/p>\n\n\n\n<div style=\"height:25px\" aria-hidden=\"true\" class=\"wp-block-spacer\"><\/div>\n\n\n\n<div class=\"wp-block-buttons is-horizontal is-content-justification-center is-layout-flex wp-container-core-buttons-is-layout-499968f5 wp-block-buttons-is-layout-flex\">\n<div class=\"wp-block-button\"><a class=\"wp-block-button__link wp-element-button\" href=\"https:\/\/polywest.de\/es\/contacto\/\">Enviar solicitud<span class=\"fa fa-angle-right fa-fw\"><\/span><\/a><\/div>\n<\/div>\n\n\n\n<div style=\"height:100px\" aria-hidden=\"true\" class=\"wp-block-spacer\"><\/div>\n<\/div><\/div>\n\n\n\n<div style=\"height:75px\" aria-hidden=\"true\" class=\"wp-block-spacer shadow-bottom\"><\/div>\n\n\n\n<div class=\"wp-block-group social-content\"><div class=\"wp-block-group__inner-container is-layout-flow wp-block-group-is-layout-flow\">\n<div style=\"height:30px\" aria-hidden=\"true\" class=\"wp-block-spacer\"><\/div>\n\n\n\n<div class=\"wp-block-group fixed-size\"><div class=\"wp-block-group__inner-container is-layout-flow wp-block-group-is-layout-flow\">\n<ul class=\"wp-block-social-links aligncenter is-layout-flex wp-block-social-links-is-layout-flex\"><li class=\"wp-social-link wp-social-link-instagram  wp-block-social-link\"><a href=\"https:\/\/www.instagram.com\/polywest_sleeves\/\" class=\"wp-block-social-link-anchor\"><svg width=\"24\" height=\"24\" viewBox=\"0 0 24 24\" version=\"1.1\" xmlns=\"http:\/\/www.w3.org\/2000\/svg\" aria-hidden=\"true\" focusable=\"false\"><path d=\"M12,4.622c2.403,0,2.688,0.009,3.637,0.052c0.877,0.04,1.354,0.187,1.671,0.31c0.42,0.163,0.72,0.358,1.035,0.673 c0.315,0.315,0.51,0.615,0.673,1.035c0.123,0.317,0.27,0.794,0.31,1.671c0.043,0.949,0.052,1.234,0.052,3.637 s-0.009,2.688-0.052,3.637c-0.04,0.877-0.187,1.354-0.31,1.671c-0.163,0.42-0.358,0.72-0.673,1.035 c-0.315,0.315-0.615,0.51-1.035,0.673c-0.317,0.123-0.794,0.27-1.671,0.31c-0.949,0.043-1.233,0.052-3.637,0.052 s-2.688-0.009-3.637-0.052c-0.877-0.04-1.354-0.187-1.671-0.31c-0.42-0.163-0.72-0.358-1.035-0.673 c-0.315-0.315-0.51-0.615-0.673-1.035c-0.123-0.317-0.27-0.794-0.31-1.671C4.631,14.688,4.622,14.403,4.622,12 s0.009-2.688,0.052-3.637c0.04-0.877,0.187-1.354,0.31-1.671c0.163-0.42,0.358-0.72,0.673-1.035 c0.315-0.315,0.615-0.51,1.035-0.673c0.317-0.123,0.794-0.27,1.671-0.31C9.312,4.631,9.597,4.622,12,4.622 M12,3 C9.556,3,9.249,3.01,8.289,3.054C7.331,3.098,6.677,3.25,6.105,3.472C5.513,3.702,5.011,4.01,4.511,4.511 c-0.5,0.5-0.808,1.002-1.038,1.594C3.25,6.677,3.098,7.331,3.054,8.289C3.01,9.249,3,9.556,3,12c0,2.444,0.01,2.751,0.054,3.711 c0.044,0.958,0.196,1.612,0.418,2.185c0.23,0.592,0.538,1.094,1.038,1.594c0.5,0.5,1.002,0.808,1.594,1.038 c0.572,0.222,1.227,0.375,2.185,0.418C9.249,20.99,9.556,21,12,21s2.751-0.01,3.711-0.054c0.958-0.044,1.612-0.196,2.185-0.418 c0.592-0.23,1.094-0.538,1.594-1.038c0.5-0.5,0.808-1.002,1.038-1.594c0.222-0.572,0.375-1.227,0.418-2.185 C20.99,14.751,21,14.444,21,12s-0.01-2.751-0.054-3.711c-0.044-0.958-0.196-1.612-0.418-2.185c-0.23-0.592-0.538-1.094-1.038-1.594 c-0.5-0.5-1.002-0.808-1.594-1.038c-0.572-0.222-1.227-0.375-2.185-0.418C14.751,3.01,14.444,3,12,3L12,3z M12,7.378 c-2.552,0-4.622,2.069-4.622,4.622S9.448,16.622,12,16.622s4.622-2.069,4.622-4.622S14.552,7.378,12,7.378z M12,15 c-1.657,0-3-1.343-3-3s1.343-3,3-3s3,1.343,3,3S13.657,15,12,15z M16.804,6.116c-0.596,0-1.08,0.484-1.08,1.08 s0.484,1.08,1.08,1.08c0.596,0,1.08-0.484,1.08-1.08S17.401,6.116,16.804,6.116z\"><\/path><\/svg><span class=\"wp-block-social-link-label screen-reader-text\">Instagram<\/span><\/a><\/li>\n\n<li class=\"wp-social-link wp-social-link-facebook  wp-block-social-link\"><a href=\"https:\/\/www.facebook.com\/Polywest-Kunststofftechnik-290943279369484\" class=\"wp-block-social-link-anchor\"><svg width=\"24\" height=\"24\" viewBox=\"0 0 24 24\" version=\"1.1\" xmlns=\"http:\/\/www.w3.org\/2000\/svg\" aria-hidden=\"true\" focusable=\"false\"><path d=\"M12 2C6.5 2 2 6.5 2 12c0 5 3.7 9.1 8.4 9.9v-7H7.9V12h2.5V9.8c0-2.5 1.5-3.9 3.8-3.9 1.1 0 2.2.2 2.2.2v2.5h-1.3c-1.2 0-1.6.8-1.6 1.6V12h2.8l-.4 2.9h-2.3v7C18.3 21.1 22 17 22 12c0-5.5-4.5-10-10-10z\"><\/path><\/svg><span class=\"wp-block-social-link-label screen-reader-text\">Facebook<\/span><\/a><\/li>\n\n<li class=\"wp-social-link wp-social-link-linkedin  wp-block-social-link\"><a href=\"https:\/\/www.linkedin.com\/company\/polywest-kunststofftechnik\/\" class=\"wp-block-social-link-anchor\"><svg width=\"24\" height=\"24\" viewBox=\"0 0 24 24\" version=\"1.1\" xmlns=\"http:\/\/www.w3.org\/2000\/svg\" aria-hidden=\"true\" focusable=\"false\"><path d=\"M19.7,3H4.3C3.582,3,3,3.582,3,4.3v15.4C3,20.418,3.582,21,4.3,21h15.4c0.718,0,1.3-0.582,1.3-1.3V4.3 C21,3.582,20.418,3,19.7,3z M8.339,18.338H5.667v-8.59h2.672V18.338z M7.004,8.574c-0.857,0-1.549-0.694-1.549-1.548 c0-0.855,0.691-1.548,1.549-1.548c0.854,0,1.547,0.694,1.547,1.548C8.551,7.881,7.858,8.574,7.004,8.574z M18.339,18.338h-2.669 v-4.177c0-0.996-0.017-2.278-1.387-2.278c-1.389,0-1.601,1.086-1.601,2.206v4.249h-2.667v-8.59h2.559v1.174h0.037 c0.356-0.675,1.227-1.387,2.526-1.387c2.703,0,3.203,1.779,3.203,4.092V18.338z\"><\/path><\/svg><span class=\"wp-block-social-link-label screen-reader-text\">LinkedIn<\/span><\/a><\/li>\n\n<li class=\"wp-social-link wp-social-link-youtube  wp-block-social-link\"><a href=\"https:\/\/www.youtube.com\/@PolywestSleeveSystems\/featured\" class=\"wp-block-social-link-anchor\"><svg width=\"24\" height=\"24\" viewBox=\"0 0 24 24\" version=\"1.1\" xmlns=\"http:\/\/www.w3.org\/2000\/svg\" aria-hidden=\"true\" focusable=\"false\"><path d=\"M21.8,8.001c0,0-0.195-1.378-0.795-1.985c-0.76-0.797-1.613-0.801-2.004-0.847c-2.799-0.202-6.997-0.202-6.997-0.202 h-0.009c0,0-4.198,0-6.997,0.202C4.608,5.216,3.756,5.22,2.995,6.016C2.395,6.623,2.2,8.001,2.2,8.001S2,9.62,2,11.238v1.517 c0,1.618,0.2,3.237,0.2,3.237s0.195,1.378,0.795,1.985c0.761,0.797,1.76,0.771,2.205,0.855c1.6,0.153,6.8,0.201,6.8,0.201 s4.203-0.006,7.001-0.209c0.391-0.047,1.243-0.051,2.004-0.847c0.6-0.607,0.795-1.985,0.795-1.985s0.2-1.618,0.2-3.237v-1.517 C22,9.62,21.8,8.001,21.8,8.001z M9.935,14.594l-0.001-5.62l5.404,2.82L9.935,14.594z\"><\/path><\/svg><span class=\"wp-block-social-link-label screen-reader-text\">YouTube<\/span><\/a><\/li><\/ul>\n\n\n\n<h6 class=\"wp-block-heading has-text-align-center\">Polywest en INstagram y Facebook<\/h6>\n\n\n\n<hr class=\"wp-block-separator has-css-opacity\"\/>\n\n\n\n<div id=\"sb_instagram\"  class=\"sbi sbi_mob_col_auto sbi_tab_col_2 sbi_col_3 sbi-theme sbi-default_theme sbi-style-regular\" style=\"padding-bottom: 10px; width: 100%;\" data-post-style=\"regular\"\t data-feedid=\"sbi_17841449967076922#20\"  data-res=\"auto\" data-cols=\"3\" data-colsmobile=\"auto\" data-colstablet=\"2\" data-num=\"20\" data-nummobile=\"\" data-header-size=\"small\" data-item-padding=\"5\"\t data-shortcode-atts=\"{}\"  data-postid=\"609\" data-locatornonce=\"e7519a1e98\" data-options=\"{&quot;carousel&quot;:[false,true,false,false,true,1],&quot;avatars&quot;:{&quot;polywest_sleeves&quot;:&quot;&quot;,&quot;LCLpolywest_sleeves&quot;:&quot;https:\\\/\\\/polywest.de\\\/wp-content\\\/uploads\\\/sb-instagram-feed-images\\\/polywest_sleeves.webp&quot;},&quot;lightboxcomments&quot;:20,&quot;colsmobile&quot;:&quot;auto&quot;,&quot;colstablet&quot;:2,&quot;captionsize&quot;:13,&quot;captionlength&quot;:50,&quot;imageaspectratio&quot;:&quot;1:1&quot;}\" data-sbi-flags=\"favorLocal,gdpr\">\n\n\t\n\t<div id=\"sbi_images\" style=\"gap: 10px;\">\n\t\t\t<\/div>\n\n\t<div id=\"sbi_load\" >\n\n\t\n\t\n<\/div>\n\n\t\t<span class=\"sbi_resized_image_data\" data-feed-id=\"sbi_17841449967076922#20\"\n\t\t  data-resized=\"[]\">\n\t<\/span>\n\t\t\t<div id=\"sbi_mod_error\">\n\t\t\t<span>This error message is only visible to WordPress admins<\/span><br\/>\n\t\t\t<div><strong>There has been a problem with your Instagram Feed.<\/strong><\/div>\t\t<\/div>\n\t\t\n<\/div>\n\n\n<\/div><\/div>\n\n\n\n<div style=\"height:41px\" aria-hidden=\"true\" class=\"wp-block-spacer\"><\/div>\n<\/div><\/div>\n","protected":false},"excerpt":{"rendered":"<p>Your print \u2013 our mission Quienes Somos Desde hace 35 a\u00f1os, producimos como POLYWEST GmbH &amp; Co. KG en nuestra planta principal de Ahaus. Nuestros productos son mangas y sistemas de adaptadores para la industria de impresi\u00f3n de envases. En pocas palabras, fabricamos cuerpos en forma de rodillo de diversos tama\u00f1os y propiedades que se [&hellip;]<\/p>\n","protected":false},"author":1,"featured_media":0,"parent":589,"menu_order":0,"comment_status":"closed","ping_status":"closed","template":"","meta":{"footnotes":""},"class_list":["post-609","page","type-page","status-publish","hentry"],"_links":{"self":[{"href":"https:\/\/polywest.de\/es\/wp-json\/wp\/v2\/pages\/609","targetHints":{"allow":["GET"]}}],"collection":[{"href":"https:\/\/polywest.de\/es\/wp-json\/wp\/v2\/pages"}],"about":[{"href":"https:\/\/polywest.de\/es\/wp-json\/wp\/v2\/types\/page"}],"author":[{"embeddable":true,"href":"https:\/\/polywest.de\/es\/wp-json\/wp\/v2\/users\/1"}],"replies":[{"embeddable":true,"href":"https:\/\/polywest.de\/es\/wp-json\/wp\/v2\/comments?post=609"}],"version-history":[{"count":21,"href":"https:\/\/polywest.de\/es\/wp-json\/wp\/v2\/pages\/609\/revisions"}],"predecessor-version":[{"id":2572,"href":"https:\/\/polywest.de\/es\/wp-json\/wp\/v2\/pages\/609\/revisions\/2572"}],"up":[{"embeddable":true,"href":"https:\/\/polywest.de\/es\/wp-json\/wp\/v2\/pages\/589"}],"wp:attachment":[{"href":"https:\/\/polywest.de\/es\/wp-json\/wp\/v2\/media?parent=609"}],"curies":[{"name":"wp","href":"https:\/\/api.w.org\/{rel}","templated":true}]}}