{"id":601,"date":"2021-09-03T10:12:19","date_gmt":"2021-09-03T08:12:19","guid":{"rendered":"https:\/\/polywest.brands-and-friends.de\/?page_id=601"},"modified":"2026-03-09T12:03:04","modified_gmt":"2026-03-09T11:03:04","slug":"calidad","status":"publish","type":"page","link":"https:\/\/polywest.de\/es\/companias\/calidad\/","title":{"rendered":"Calidad"},"content":{"rendered":"\n<div class=\"wp-block-group header-container\"><div class=\"wp-block-group__inner-container is-layout-flow wp-block-group-is-layout-flow\">\n<div class=\"wp-block-group block-headline animated jackInTheBox slow delay-200ms\"><div class=\"wp-block-group__inner-container is-layout-flow wp-block-group-is-layout-flow\">\n<h2 class=\"wp-block-heading has-text-align-center header-h2\">Your print \u2013 our mission<\/h2>\n\n\n\n<div class=\"wp-block-buttons is-horizontal is-content-justification-center is-layout-flex wp-container-core-buttons-is-layout-499968f5 wp-block-buttons-is-layout-flex\">\n<div class=\"wp-block-button\"><a class=\"wp-block-button__link wp-element-button\" href=\"https:\/\/polywest.de\/es\/contacto\/\">contacto<span class=\"fa fa-angle-right fa-fw\"><\/span><\/a><\/div>\n<\/div>\n<\/div><\/div>\n\n\n\n<figure class=\"wp-block-image size-large is-style-default header animated flipInX\"><img decoding=\"async\" width=\"1024\" height=\"233\" data-src=\"https:\/\/polywest.de\/wp-content\/uploads\/2021\/08\/qualy-header-1024x233.png\" alt=\"\" class=\"wp-image-215 lazyload\" data-srcset=\"https:\/\/polywest.de\/wp-content\/uploads\/2021\/08\/qualy-header-1024x233.png 1024w, https:\/\/polywest.de\/wp-content\/uploads\/2021\/08\/qualy-header-300x68.png 300w, https:\/\/polywest.de\/wp-content\/uploads\/2021\/08\/qualy-header-768x174.png 768w, https:\/\/polywest.de\/wp-content\/uploads\/2021\/08\/qualy-header-1536x349.png 1536w, https:\/\/polywest.de\/wp-content\/uploads\/2021\/08\/qualy-header.png 1920w\" data-sizes=\"(max-width: 1024px) 100vw, 1024px\" src=\"data:image\/svg+xml;base64,PHN2ZyB3aWR0aD0iMSIgaGVpZ2h0PSIxIiB4bWxucz0iaHR0cDovL3d3dy53My5vcmcvMjAwMC9zdmciPjwvc3ZnPg==\" style=\"--smush-placeholder-width: 1024px; --smush-placeholder-aspect-ratio: 1024\/233;\" \/><\/figure>\n<\/div><\/div>\n\n\n\n<div class=\"wp-block-group fixed-small-size\"><div class=\"wp-block-group__inner-container is-layout-flow wp-block-group-is-layout-flow\">\n<div style=\"height:45px\" aria-hidden=\"true\" class=\"wp-block-spacer abst-header-pos\"><\/div>\n\n\n\n<h1 class=\"wp-block-heading has-text-align-center\">Calidad<\/h1>\n\n\n\n<hr class=\"wp-block-separator has-css-opacity\"\/>\n\n\n\n<p class=\"has-text-align-center\"><strong>Productos con la \u00faltima tecnologia.<\/strong><br>Nuestro equipo de expertos investiga y desarrolla para usted. M\u00e1s de 60 patentes registradas y modelos de utilidad, as\u00ed como marcas registradas, demuestran nuestra competencia t\u00e9cnica. La gesti\u00f3n de la calidad bien coordinada garantiza procesos de rutina y resultados \u00f3ptimos. Como empresa de fabricaci\u00f3n, la satisfacci\u00f3n de nuestros clientes con nuestros productos es nuestra m\u00e1xima prioridad. A lo largo de los a\u00f1os, nuestra b\u00fasqueda ininterrumpida de innovaci\u00f3n no solo ha asegurado las \u00faltimas tecnolog\u00edas, sino tambi\u00e9n un alto nivel de eficiencia, tanto para nosotros como paranuestros clientes.<\/p>\n\n\n\n<div style=\"height:26px\" aria-hidden=\"true\" class=\"wp-block-spacer\"><\/div>\n\n\n<div class=\"wp-block-image img-quality animated fadeInLeftBig\">\n<figure class=\"aligncenter size-full\"><img decoding=\"async\" width=\"235\" height=\"235\" data-src=\"https:\/\/polywest.de\/wp-content\/uploads\/2021\/10\/soft_mittel_qualitaetsunterseite.png\" alt=\"\" class=\"wp-image-1603 lazyload\" data-srcset=\"https:\/\/polywest.de\/wp-content\/uploads\/2021\/10\/soft_mittel_qualitaetsunterseite.png 235w, https:\/\/polywest.de\/wp-content\/uploads\/2021\/10\/soft_mittel_qualitaetsunterseite-150x150.png 150w\" data-sizes=\"(max-width: 235px) 100vw, 235px\" src=\"data:image\/svg+xml;base64,PHN2ZyB3aWR0aD0iMSIgaGVpZ2h0PSIxIiB4bWxucz0iaHR0cDovL3d3dy53My5vcmcvMjAwMC9zdmciPjwvc3ZnPg==\" style=\"--smush-placeholder-width: 235px; --smush-placeholder-aspect-ratio: 235\/235;\" \/><\/figure>\n<\/div><\/div><\/div>\n\n\n\n<div style=\"height:40px\" aria-hidden=\"true\" class=\"wp-block-spacer shadow-bottom\"><\/div>\n\n\n\n<div class=\"wp-block-group fixed-size leitsaetze\"><div class=\"wp-block-group__inner-container is-layout-flow wp-block-group-is-layout-flow\">\n<div style=\"height:100px\" aria-hidden=\"true\" class=\"wp-block-spacer\"><\/div>\n\n\n\n<p class=\"has-text-align-center headline-red\"><strong>Pol\u00edtica de Calidad<\/strong><br>La empresa POLYWEST y de todo su personal trabaja orientados a la calidad siguiendo a nuestros cuatros principios:<\/p>\n\n\n\n<div style=\"height:14px\" aria-hidden=\"true\" class=\"wp-block-spacer\"><\/div>\n\n\n\n<h4 class=\"wp-block-heading has-text-align-center\">Nuestros <meta charset=\"utf-8\">principios:<\/h4>\n\n\n\n<div class=\"wp-block-columns is-layout-flex wp-container-core-columns-is-layout-9d6595d7 wp-block-columns-is-layout-flex\">\n<div class=\"wp-block-column animated zoomIn slow is-layout-flow wp-block-column-is-layout-flow\">\n<p class=\"num\">1.<\/p>\n\n\n\n<p><strong>Calidad es cuando el cliente regresa y no el producto<\/strong>.<\/p>\n\n\n\n<hr class=\"wp-block-separator has-css-opacity\"\/>\n<\/div>\n\n\n\n<div class=\"wp-block-column animated zoomIn delay-100ms slow is-layout-flow wp-block-column-is-layout-flow\">\n<p class=\"num\">2.<\/p>\n\n\n\n<p><strong>Calidad es cuando el cliente recibe el producto en la fecha prevista.<\/strong><\/p>\n\n\n\n<hr class=\"wp-block-separator has-css-opacity\"\/>\n\n\n\n<p><\/p>\n<\/div>\n\n\n\n<div class=\"wp-block-column animated zoomIn delay-200ms slow is-layout-flow wp-block-column-is-layout-flow\">\n<p class=\"num\">3.<\/p>\n\n\n\n<p><strong>Para lograr llegar a una calidad alta se requiere personal altamente cualificado y motivado.<\/strong><\/p>\n\n\n\n<hr class=\"wp-block-separator has-css-opacity\"\/>\n\n\n\n<p><\/p>\n<\/div>\n\n\n\n<div class=\"wp-block-column animated zoomIn delay-500ms slow is-layout-flow wp-block-column-is-layout-flow\">\n<p class=\"num\">4.<\/p>\n\n\n\n<p><strong>Calidad significa mejoramiento constante.<\/strong><\/p>\n\n\n\n<hr class=\"wp-block-separator has-css-opacity\"\/>\n<\/div>\n<\/div>\n\n\n\n<div style=\"height:42px\" aria-hidden=\"true\" class=\"wp-block-spacer\"><\/div>\n<\/div><\/div>\n\n\n\n<figure class=\"wp-block-image size-full pics-width\"><img decoding=\"async\" width=\"1920\" height=\"304\" data-src=\"https:\/\/polywest.de\/wp-content\/uploads\/2021\/08\/qualy-pics.png\" alt=\"\" class=\"wp-image-225 lazyload\" data-srcset=\"https:\/\/polywest.de\/wp-content\/uploads\/2021\/08\/qualy-pics.png 1920w, https:\/\/polywest.de\/wp-content\/uploads\/2021\/08\/qualy-pics-300x48.png 300w, https:\/\/polywest.de\/wp-content\/uploads\/2021\/08\/qualy-pics-1024x162.png 1024w, https:\/\/polywest.de\/wp-content\/uploads\/2021\/08\/qualy-pics-768x122.png 768w, https:\/\/polywest.de\/wp-content\/uploads\/2021\/08\/qualy-pics-1536x243.png 1536w\" data-sizes=\"(max-width: 1920px) 100vw, 1920px\" src=\"data:image\/svg+xml;base64,PHN2ZyB3aWR0aD0iMSIgaGVpZ2h0PSIxIiB4bWxucz0iaHR0cDovL3d3dy53My5vcmcvMjAwMC9zdmciPjwvc3ZnPg==\" style=\"--smush-placeholder-width: 1920px; --smush-placeholder-aspect-ratio: 1920\/304;\" \/><\/figure>\n\n\n\n<div style=\"height:41px\" aria-hidden=\"true\" class=\"wp-block-spacer\"><\/div>\n\n\n\n<div class=\"wp-block-group fixed-size team-produktion\"><div class=\"wp-block-group__inner-container is-layout-flow wp-block-group-is-layout-flow\">\n<div style=\"height:51px\" aria-hidden=\"true\" class=\"wp-block-spacer\"><\/div>\n\n\n\n<div class=\"wp-block-columns is-layout-flex wp-container-core-columns-is-layout-9d6595d7 wp-block-columns-is-layout-flex\">\n<div class=\"wp-block-column is-layout-flow wp-block-column-is-layout-flow\">\n<figure class=\"wp-block-image size-full img-absolute animated jackInTheBox\"><img decoding=\"async\" width=\"736\" height=\"490\" data-src=\"https:\/\/polywest.de\/wp-content\/uploads\/2021\/10\/gruppe_team_produktion_V02.jpg\" alt=\"\" class=\"wp-image-1647 lazyload\" data-srcset=\"https:\/\/polywest.de\/wp-content\/uploads\/2021\/10\/gruppe_team_produktion_V02.jpg 736w, https:\/\/polywest.de\/wp-content\/uploads\/2021\/10\/gruppe_team_produktion_V02-300x200.jpg 300w\" data-sizes=\"(max-width: 736px) 100vw, 736px\" src=\"data:image\/svg+xml;base64,PHN2ZyB3aWR0aD0iMSIgaGVpZ2h0PSIxIiB4bWxucz0iaHR0cDovL3d3dy53My5vcmcvMjAwMC9zdmciPjwvc3ZnPg==\" style=\"--smush-placeholder-width: 736px; --smush-placeholder-aspect-ratio: 736\/490;\" \/><\/figure>\n<\/div>\n\n\n\n<div class=\"wp-block-column is-layout-flow wp-block-column-is-layout-flow\">\n<div class=\"wp-block-buttons is-horizontal is-content-justification-left is-layout-flex wp-container-core-buttons-is-layout-7e5fce0a wp-block-buttons-is-layout-flex\">\n<div class=\"wp-block-button\"><a class=\"wp-block-button__link wp-element-button\" href=\"https:\/\/polywest.de\/es\/companias\/sobre-nosotros\/\">Sobre POLYWEST <span class=\"fa fa-angle-right fa-fw\"><\/span><\/a><\/div>\n<\/div>\n\n\n\n<div class=\"wp-block-group txt-red-box\"><div class=\"wp-block-group__inner-container is-layout-flow wp-block-group-is-layout-flow\">\n<div style=\"height:22px\" aria-hidden=\"true\" class=\"wp-block-spacer\"><\/div>\n\n\n\n<p>Equipo de produccion &#8211;  investigaci\u00f3n y desarrallo<\/p>\n\n\n\n<hr class=\"wp-block-separator has-css-opacity\"\/>\n\n\n\n<div style=\"height:27px\" aria-hidden=\"true\" class=\"wp-block-spacer\"><\/div>\n<\/div><\/div>\n<\/div>\n<\/div>\n\n\n\n<div style=\"height:76px\" aria-hidden=\"true\" class=\"wp-block-spacer\"><\/div>\n<\/div><\/div>\n\n\n\n<div class=\"wp-block-group full-size home-full-size\"><div class=\"wp-block-group__inner-container is-layout-flow wp-block-group-is-layout-flow\">\n<div style=\"height:73px\" aria-hidden=\"true\" class=\"wp-block-spacer\"><\/div>\n\n\n\n<p class=\"has-text-align-center animated fadeIn\"><span><strong>SOMOS EM IMPULSO<\/strong><\/span><br>PARA EL DESARROLLO PERMANENTE<br>DE TECNOLOG\u00cdA DD MANGUERAS Y ADAPTADORES<br><strong><strong>Y UNO DE LOS PRINCIPES FABRICANTES DE MANGUITOS DEL MUNDO.<\/strong><\/strong><\/p>\n\n\n\n<div style=\"height:25px\" aria-hidden=\"true\" class=\"wp-block-spacer\"><\/div>\n\n\n\n<div class=\"wp-block-buttons is-horizontal is-content-justification-center is-layout-flex wp-container-core-buttons-is-layout-499968f5 wp-block-buttons-is-layout-flex\">\n<div class=\"wp-block-button\"><a class=\"wp-block-button__link wp-element-button\" href=\"https:\/\/polywest.de\/es\/contacto\/\">Enviar solicitud<span class=\"fa fa-angle-right fa-fw\"><\/span><\/a><\/div>\n<\/div>\n\n\n\n<div style=\"height:100px\" aria-hidden=\"true\" class=\"wp-block-spacer\"><\/div>\n<\/div><\/div>\n","protected":false},"excerpt":{"rendered":"<p>Your print \u2013 our mission Calidad Productos con la \u00faltima tecnologia.Nuestro equipo de expertos investiga y desarrolla para usted. M\u00e1s de 60 patentes registradas y modelos de utilidad, as\u00ed como marcas registradas, demuestran nuestra competencia t\u00e9cnica. La gesti\u00f3n de la calidad bien coordinada garantiza procesos de rutina y resultados \u00f3ptimos. Como empresa de fabricaci\u00f3n, la [&hellip;]<\/p>\n","protected":false},"author":1,"featured_media":0,"parent":589,"menu_order":0,"comment_status":"closed","ping_status":"closed","template":"","meta":{"footnotes":""},"class_list":["post-601","page","type-page","status-publish","hentry"],"_links":{"self":[{"href":"https:\/\/polywest.de\/es\/wp-json\/wp\/v2\/pages\/601","targetHints":{"allow":["GET"]}}],"collection":[{"href":"https:\/\/polywest.de\/es\/wp-json\/wp\/v2\/pages"}],"about":[{"href":"https:\/\/polywest.de\/es\/wp-json\/wp\/v2\/types\/page"}],"author":[{"embeddable":true,"href":"https:\/\/polywest.de\/es\/wp-json\/wp\/v2\/users\/1"}],"replies":[{"embeddable":true,"href":"https:\/\/polywest.de\/es\/wp-json\/wp\/v2\/comments?post=601"}],"version-history":[{"count":19,"href":"https:\/\/polywest.de\/es\/wp-json\/wp\/v2\/pages\/601\/revisions"}],"predecessor-version":[{"id":2571,"href":"https:\/\/polywest.de\/es\/wp-json\/wp\/v2\/pages\/601\/revisions\/2571"}],"up":[{"embeddable":true,"href":"https:\/\/polywest.de\/es\/wp-json\/wp\/v2\/pages\/589"}],"wp:attachment":[{"href":"https:\/\/polywest.de\/es\/wp-json\/wp\/v2\/media?parent=601"}],"curies":[{"name":"wp","href":"https:\/\/api.w.org\/{rel}","templated":true}]}}